{"id":340,"date":"2019-06-13T09:51:51","date_gmt":"2019-06-13T09:51:51","guid":{"rendered":"http:\/\/demo.motothemes.co\/netw1\/chiropractors\/?page_id=7"},"modified":"2022-03-17T13:28:37","modified_gmt":"2022-03-17T12:28:37","slug":"about","status":"publish","type":"page","link":"https:\/\/aeroclubebraga.pt\/index.php\/about\/","title":{"rendered":"Hist\u00f3ria"},"content":{"rendered":"<div class=\"wpb-content-wrapper\"><p>[vc_row][vc_column width=&#8221;1\/2&#8243;]<section class=\"motov4_fancy_heading text-left border_bottom motov4_69dff3623d106\"><h1>A nossa hist\u00f3ria<\/h1><\/section><div class=\"motov4_spacer_69dff3623d153\"><\/div>[vc_column_text]<strong>Fundado por um grupo de Bracarenses seduzidos pela actividade aeron\u00e1utica que despontava no Pa\u00eds, e se iniciara em Braga em 1913 com os voos realizados pelo Piloto Franc\u00eas A. Salles junto \u00e0 Catedral do Sameiro, o<\/strong><strong>\u00a0Aero Club de Braga<\/strong><strong>\u00a0surge na sequ\u00eancia da constru\u00e7\u00e3o de uma pista que transformou terrenos florestais e agr\u00edcolas da\u00a0Freguesia de Palmeira no ent\u00e3o designado<em>\u201c Campo de Avia\u00e7\u00e3o \u201d<\/em>,express\u00e3o ainda hoje utilizada para referenciar o Aer\u00f3dromo, inaugurado a 22.06.1929, com a aterragem de um avi\u00e3o Junker F-13 pilotado pelo Capit\u00e3o Amado da Cunha.<\/strong>[\/vc_column_text]<div class=\"motov4_spacer_69dff3623d161\"><\/div>[\/vc_column][vc_column width=&#8221;1\/2&#8243;]<input type=\"hidden\" data-img_slider=\"true,true,2000\">\r\n\t\t\t\t<div class=\"motov4_img_slider\">\r\n\t\t\t\t\t\t<div class=\"img_slider slick_crousel\"><div class=\"motov4_img_slide_inner\">\r\n\t\t\t\t\t\t\t\t\t\t\t<div class=\"motov4_img_slide_box\">\r\n\t\t\t\t\t\t\t\t\t\t\t\t<img decoding=\"async\" src=\"https:\/\/aeroclubebraga.pt\/wp-content\/uploads\/2021\/10\/lpbr0.jpg\" alt=\"motov4\">\r\n\t\t\t\t\t\t\t\t\t\t\t<\/div>\r\n\t\t\t\t\t\t\t\t\t\t<\/div><div class=\"motov4_img_slide_inner\">\r\n\t\t\t\t\t\t\t\t\t\t\t<div class=\"motov4_img_slide_box\">\r\n\t\t\t\t\t\t\t\t\t\t\t\t<img decoding=\"async\" src=\"https:\/\/aeroclubebraga.pt\/wp-content\/uploads\/2021\/10\/jua.jpg\" alt=\"motov4\">\r\n\t\t\t\t\t\t\t\t\t\t\t<\/div>\r\n\t\t\t\t\t\t\t\t\t\t<\/div><div class=\"motov4_img_slide_inner\">\r\n\t\t\t\t\t\t\t\t\t\t\t<div class=\"motov4_img_slide_box\">\r\n\t\t\t\t\t\t\t\t\t\t\t\t<img decoding=\"async\" src=\"https:\/\/aeroclubebraga.pt\/wp-content\/uploads\/2021\/10\/frotaantiga1.jpg\" alt=\"motov4\">\r\n\t\t\t\t\t\t\t\t\t\t\t<\/div>\r\n\t\t\t\t\t\t\t\t\t\t<\/div><div class=\"motov4_img_slide_inner\">\r\n\t\t\t\t\t\t\t\t\t\t\t<div class=\"motov4_img_slide_box\">\r\n\t\t\t\t\t\t\t\t\t\t\t\t<img decoding=\"async\" src=\"https:\/\/aeroclubebraga.pt\/wp-content\/uploads\/2021\/10\/frotaantiga3.jpg\" alt=\"motov4\">\r\n\t\t\t\t\t\t\t\t\t\t\t<\/div>\r\n\t\t\t\t\t\t\t\t\t\t<\/div><div class=\"motov4_img_slide_inner\">\r\n\t\t\t\t\t\t\t\t\t\t\t<div class=\"motov4_img_slide_box\">\r\n\t\t\t\t\t\t\t\t\t\t\t\t<img decoding=\"async\" src=\"https:\/\/aeroclubebraga.pt\/wp-content\/uploads\/2021\/10\/frotaantiga5.jpg\" alt=\"motov4\">\r\n\t\t\t\t\t\t\t\t\t\t\t<\/div>\r\n\t\t\t\t\t\t\t\t\t\t<\/div><div class=\"motov4_img_slide_inner\">\r\n\t\t\t\t\t\t\t\t\t\t\t<div class=\"motov4_img_slide_box\">\r\n\t\t\t\t\t\t\t\t\t\t\t\t<img decoding=\"async\" src=\"https:\/\/aeroclubebraga.pt\/wp-content\/uploads\/2021\/10\/frotaantiga6.jpg\" alt=\"motov4\">\r\n\t\t\t\t\t\t\t\t\t\t\t<\/div>\r\n\t\t\t\t\t\t\t\t\t\t<\/div><\/div>\r\n\t\t\t\t<\/div><div class=\"motov4_spacer_69dff3623e3ec\"><\/div>[\/vc_column][\/vc_row][vc_row full_width=&#8221;stretch_row&#8221; css=&#8221;.vc_custom_1562751018888{background-image: url(https:\/\/aeroclubebraga.pt\/wp-content\/uploads\/2019\/07\/aero_page.jpg?id=290) !important;background-position: center !important;background-repeat: no-repeat !important;background-size: cover !important;}&#8221;][vc_column]<div class=\"motov4_spacer_69dff3623e407\"><\/div>[vc_row_inner][vc_column_inner width=&#8221;2\/3&#8243; css=&#8221;.vc_custom_1561981931600{margin-top: 0px !important;margin-bottom: 0px !important;padding-top: 0px !important;padding-bottom: 0px !important;}&#8221; offset=&#8221;vc_col-lg-offset-6 vc_col-lg-6 vc_col-md-offset-4 vc_col-md-8 vc_col-sm-offset-4&#8243;]<section class=\"motov4_fancy_heading text-left no_border motov4_69dff3623e42a\"><h1>Sabia que pode obter um VIP Card ?<\/h1><\/section>[vc_column_text css=&#8221;.vc_custom_1633868454819{margin-top: 15px !important;margin-bottom: 15px !important;}&#8221;]<\/p>\n<h5 style=\"text-align: left;\"><span style=\"color: #ffffff;\">Frequente um Curso de Inicia\u00e7\u00e3o ao Voo.<\/span><\/h5>\n<p>&nbsp;<\/p>\n<p>&nbsp;<\/p>\n<p><span style=\"color: #ffffff;\">Na maior campanha aeron\u00e1utica jamais realizada, o Aero Clube de Braga (ACB) oferece \u2018voos mais altos\u2019 a todos os apaixonados pela avia\u00e7\u00e3o. o curso divide-se em duas partes diferentes, te\u00f3rica e pr\u00e1tica. Durante a manh\u00e3, decorre a componente te\u00f3rica que visa explorar as no\u00e7\u00f5es b\u00e1sicas da aeron\u00e1utica. No per\u00edodo da tarde, os alunos t\u00eam a possibilidade de experimentar a sensa\u00e7\u00e3o real de co-pilotar um avi\u00e3o.<br \/>\nEsta experi\u00eancia aeron\u00e1utica \u00e9 co-financiada pelo ACB.<br \/>\nDurante a aula de voo o aluno pode tamb\u00e9m filmar, fotografar e levar um convidado como passageiro.<\/span>[\/vc_column_text]<div class=\"motov4_spacer_69dff3623e457\"><\/div><a href=https:\/\/aeroclubebraga.pt\/index.php\/pedido-de-informacao\/ class=\"motov4_button  text-capitalize motov4_69dff3623e48e\" ><span>Pedido de Informa\u00e7\u00f5es<\/span><\/a>[\/vc_column_inner][\/vc_row_inner]<div class=\"motov4_spacer_69dff3623e4b0\"><\/div>[\/vc_column][\/vc_row][vc_row][vc_column]<div class=\"motov4_spacer_69dff3623e4ba\"><\/div><section class=\"motov4_fancy_heading text-left border_bottom motov4_69dff3623e4cf\"><h1>AERO CLUB DE BRAGA - Institui\u00e7\u00e3o de Utilidade P\u00fablica<\/h1><\/section><div class=\"motov4_feature_69dff3623e4f0\"><div class=\"row\"> <div class=\"col-lg-3 col-md-6\">\r\n\t\t\t\t<div class=\"motov4_69dff3623e58d motov4_features_box text-center motov4_features_box_style5\"><span class=\"feature_counter\" style=\"color:#333333\">1.<\/span><div class=\"motov4_icon_box\" style=\"\"><img decoding=\"async\" src=\"https:\/\/aeroclubebraga.pt\/wp-content\/uploads\/2021\/10\/5-1-150x150-80x80.jpg\" alt=\"feature\"><\/div>\r\n\t\t\t\t\t<div class=\"motov4_feature_data\"><h3>Aero Club de Braga<\/h3>\r\n\t\t\t\t\t<p>A voar desde 1935<\/p><\/div><\/div>\r\n\t\t\t<\/div><div class=\"col-lg-3 col-md-6\">\r\n\t\t\t\t<div class=\"motov4_69dff3623ec61 motov4_features_box text-center motov4_features_box_style5\"><span class=\"feature_counter\" style=\"color:#333333\">2.<\/span><div class=\"motov4_icon_box\" style=\"\"><img decoding=\"async\" src=\"https:\/\/aeroclubebraga.pt\/wp-content\/uploads\/2021\/10\/lpbr0-150x150-80x80.jpg\" alt=\"feature\"><\/div>\r\n\t\t\t\t\t<div class=\"motov4_feature_data\"><h3>Campo de Avia\u00e7\u00e3o<\/h3>\r\n\t\t\t\t\t<p>LPBR com 3 pistas<\/p><\/div><\/div>\r\n\t\t\t<\/div><div class=\"col-lg-3 col-md-6\">\r\n\t\t\t\t<div class=\"motov4_69dff3623efbf motov4_features_box text-center motov4_features_box_style5\"><span class=\"feature_counter\" style=\"color:#333333\">3.<\/span><div class=\"motov4_icon_box\" style=\"\"><img decoding=\"async\" src=\"https:\/\/aeroclubebraga.pt\/wp-content\/uploads\/2021\/10\/1-150x150-80x80.jpg\" alt=\"feature\"><\/div>\r\n\t\t\t\t\t<div class=\"motov4_feature_data\"><h3>CS-DDD<\/h3>\r\n\t\t\t\t\t<p>TOBAGO TB-10<\/p><\/div><\/div>\r\n\t\t\t<\/div><div class=\"col-lg-3 col-md-6\">\r\n\t\t\t\t<div class=\"motov4_69dff3623f607 motov4_features_box text-center motov4_features_box_style5\"><span class=\"feature_counter\" style=\"color:#333333\">4.<\/span><div class=\"motov4_icon_box\" style=\"\"><img decoding=\"async\" src=\"https:\/\/aeroclubebraga.pt\/wp-content\/uploads\/2021\/10\/DSC_0331-150x150-80x80.jpg\" alt=\"feature\"><\/div>\r\n\t\t\t\t\t<div class=\"motov4_feature_data\"><h3>CS-UTK<\/h3>\r\n\t\t\t\t\t<p>Ultraleve Land Africa<\/p><\/div><\/div>\r\n\t\t\t<\/div> <\/div><\/div><div class=\"motov4_spacer_69dff3623fc21\"><\/div>[\/vc_column][\/vc_row]<\/p>\n<\/div>","protected":false},"excerpt":{"rendered":"<p>[vc_row][vc_column width=&#8221;1\/2&#8243;][vc_column_text]Fundado por um grupo de Bracarenses seduzidos pela actividade aeron\u00e1utica que despontava no Pa\u00eds, e se iniciara em Braga.<\/p>\n","protected":false},"author":1,"featured_media":0,"parent":0,"menu_order":0,"comment_status":"closed","ping_status":"closed","template":"","meta":{"_monsterinsights_skip_tracking":false,"_monsterinsights_sitenote_active":false,"_monsterinsights_sitenote_note":"","_monsterinsights_sitenote_category":0,"footnotes":""},"class_list":["post-340","page","type-page","status-publish","hentry"],"_links":{"self":[{"href":"https:\/\/aeroclubebraga.pt\/index.php\/wp-json\/wp\/v2\/pages\/340","targetHints":{"allow":["GET"]}}],"collection":[{"href":"https:\/\/aeroclubebraga.pt\/index.php\/wp-json\/wp\/v2\/pages"}],"about":[{"href":"https:\/\/aeroclubebraga.pt\/index.php\/wp-json\/wp\/v2\/types\/page"}],"author":[{"embeddable":true,"href":"https:\/\/aeroclubebraga.pt\/index.php\/wp-json\/wp\/v2\/users\/1"}],"replies":[{"embeddable":true,"href":"https:\/\/aeroclubebraga.pt\/index.php\/wp-json\/wp\/v2\/comments?post=340"}],"version-history":[{"count":17,"href":"https:\/\/aeroclubebraga.pt\/index.php\/wp-json\/wp\/v2\/pages\/340\/revisions"}],"predecessor-version":[{"id":514,"href":"https:\/\/aeroclubebraga.pt\/index.php\/wp-json\/wp\/v2\/pages\/340\/revisions\/514"}],"wp:attachment":[{"href":"https:\/\/aeroclubebraga.pt\/index.php\/wp-json\/wp\/v2\/media?parent=340"}],"curies":[{"name":"wp","href":"https:\/\/api.w.org\/{rel}","templated":true}]}}