{"id":341,"date":"2019-06-13T09:52:02","date_gmt":"2019-06-13T09:52:02","guid":{"rendered":"http:\/\/demo.motothemes.co\/netw1\/chiropractors\/?page_id=9"},"modified":"2021-10-10T17:11:33","modified_gmt":"2021-10-10T17:11:33","slug":"services","status":"publish","type":"page","link":"https:\/\/aeroclubebraga.pt\/index.php\/services\/","title":{"rendered":"Servi\u00e7os"},"content":{"rendered":"<div class=\"wpb-content-wrapper\"><p>[vc_row][vc_column width=&#8221;5\/12&#8243;][vc_single_image image=&#8221;449&#8243; img_size=&#8221;full&#8221;]<div class=\"motov4_spacer_69f63e759f8ac\"><\/div>[\/vc_column][vc_column width=&#8221;7\/12&#8243;]<section class=\"motov4_fancy_heading text-left border_bottom motov4_69f63e759f8fe\"><h1>A nossa oferta<\/h1><\/section><div class=\"motov4_spacer_69f63e759f935\"><\/div>[vc_column_text css=&#8221;.vc_custom_1633866935220{margin-bottom: 15px !important;}&#8221;]Excel\u00eancia e Rigor[\/vc_column_text][vc_column_text css=&#8221;.vc_custom_1633866890414{margin-bottom: 25px !important;}&#8221;]A Forma\u00e7\u00e3o e treino de pilotos, os voos tur\u00edsticos e todas as opera\u00e7\u00f5es, est\u00e3o asseguradas pelo rigor t\u00e9cnico e profissional da equipa de excel\u00eancia do Aero Clube de Braga.[\/vc_column_text]<div class=\"motov4_blog_wrapper motov4_blog_style1 motov4_slider_blog motov4_blog_69f63e759f965\"><div class=\"row\"><div class=\"col-xl-12 col-lg-12 col-sm-12 col-12\"><div class=\"motov4_blog_slider motov4_post_slider\" data-slider-data=\"{&quot;columns&quot;:&quot;3&quot;,&quot;arrows&quot;:&quot;off&quot;,&quot;scrollto&quot;:&quot;1&quot;,&quot;dots&quot;:&quot;on&quot;,&quot;autoplay&quot;:&quot;off&quot;,&quot;speed&quot;:&quot;2000&quot;}\"><div class=\"motov4_blog_slides\"><div class=\"motov4_blog_box\"><div class=\"motov4_blog_img\"> \r\n\t\t\t\t\t\t\t\t<a href=\"https:\/\/aeroclubebraga.pt\/index.php\/2023\/05\/03\/aero-club-de-braga-celebra-protocolo-com-a-interage\/\"><img decoding=\"async\" src=\"https:\/\/aeroclubebraga.pt\/wp-content\/uploads\/2023\/05\/Imagem-WhatsApp-2023-04-29-as-23.52.00-e1683123010514-570x370-370x240.jpg\" alt=\"Aero Club de Braga celebra protocolo com a INTERAGE\"><\/a><\/div><div class=\"motov4_blog_content\"><div class=\"motov4_blog_data\">\r\n\t\t\t\t\t\t\t\t\t<h4 class=\"post_title\"><a href=\"https:\/\/aeroclubebraga.pt\/index.php\/2023\/05\/03\/aero-club-de-braga-celebra-protocolo-com-a-interage\/\">Aero Club de Braga celebra protocolo com a INTERAGE<\/a><\/h4><\/div><\/div>\r\n\t\t\t\t\t\t<\/div>\r\n\t\t\t\t\t<\/div><div class=\"motov4_blog_slides\"><div class=\"motov4_blog_box\"><div class=\"motov4_blog_img\"> \r\n\t\t\t\t\t\t\t\t<a href=\"https:\/\/aeroclubebraga.pt\/index.php\/2020\/08\/11\/nicogaitan\/\"><img decoding=\"async\" src=\"https:\/\/aeroclubebraga.pt\/wp-content\/uploads\/2019\/06\/NicoGaitan-570x370-370x240.jpg\" alt=\"TOP GUN  Nico Gaitan no Aero Clube de Braga\"><\/a><\/div><div class=\"motov4_blog_content\"><div class=\"motov4_blog_data\">\r\n\t\t\t\t\t\t\t\t\t<h4 class=\"post_title\"><a href=\"https:\/\/aeroclubebraga.pt\/index.php\/2020\/08\/11\/nicogaitan\/\">TOP GUN  Nico Gaitan no Aero Clube de Braga<\/a><\/h4><\/div><\/div>\r\n\t\t\t\t\t\t<\/div>\r\n\t\t\t\t\t<\/div><\/div><\/div><\/div><\/div><div class=\"motov4_spacer_69f63e75a1e39\"><\/div>[\/vc_column][\/vc_row][vc_row full_width=&#8221;stretch_row&#8221; css=&#8221;.vc_custom_1562753161860{background-image: url(https:\/\/aeroclubebraga.pt\/wp-content\/uploads\/2019\/07\/aero_revo1-1.jpg?id=288) !important;}&#8221;][vc_column css=&#8221;.vc_custom_1561982901151{margin-top: 0px !important;margin-bottom: 0px !important;padding-top: 0px !important;padding-bottom: 0px !important;}&#8221;]<div class=\"motov4_spacer_69f63e75a1e4a\"><\/div><div class=\"motov4_counter_section2 motov4_counter_69f63e75a1e61\">\r\n\t\t\t\t\t<div class=\"row\">\r\n\t\t\t\t\t\t<div class=\"col-md-3\">\r\n\t\t\t\t\t<div class=\"counter_block counter_69f63e75a1eff\"><div class=\"counter_text\"><div class=\"counter_wraper\"><h4 class=\"count_no\" data-to=\"1935\" data-speed=\"4000\">1935<\/h4><\/div><h5>A voar desde<\/h5><\/div><div class=\"ldcounter_border\"><\/div><\/div>\r\n\t\t\t\t<\/div><div class=\"col-md-3\">\r\n\t\t\t\t\t<div class=\"counter_block counter_69f63e75a1f3e\"><div class=\"counter_text\"><div class=\"counter_wraper\"><h4 class=\"count_no\" data-to=\"3\" data-speed=\"4000\">3<\/h4><\/div><h5>Comandantes Instrutores<\/h5><\/div><div class=\"ldcounter_border\"><\/div><\/div>\r\n\t\t\t\t<\/div><div class=\"col-md-3\">\r\n\t\t\t\t\t<div class=\"counter_block counter_69f63e75a1f61\"><div class=\"counter_text\"><div class=\"counter_wraper\"><h4 class=\"count_no\" data-to=\"+300\" data-speed=\"4000\">+300<\/h4><\/div><h5>CIVs realizados<\/h5><\/div><div class=\"ldcounter_border\"><\/div><\/div>\r\n\t\t\t\t<\/div><div class=\"col-md-3\">\r\n\t\t\t\t\t<div class=\"counter_block counter_69f63e75a1f80\"><div class=\"counter_text\"><div class=\"counter_wraper\"><h4 class=\"count_no\" data-to=\"500\" data-speed=\"4000\">500<\/h4><\/div><h5>VIP Cards<\/h5><\/div><div class=\"ldcounter_border\"><\/div><\/div>\r\n\t\t\t\t<\/div>\r\n\t\t\t\t\t<\/div>\r\n\t\t\t\t<\/div><div class=\"motov4_spacer_69f63e75a1fcb\"><\/div>[\/vc_column][\/vc_row][vc_row][vc_column]<div class=\"motov4_spacer_69f63e75a1fd6\"><\/div><section class=\"motov4_fancy_heading text-center border_bottom motov4_69f63e75a1ffa\"><h1>Destaques<\/h1><\/section><div class=\"motov4_spacer_69f63e75a2027\"><\/div><div class=\"motov4_feature_69f63e75a2036\"><div class=\"row\"> <div class=\"col-lg-4 col-md-6\">\r\n\t\t\t\t<div class=\"motov4_69f63e75a20e5 motov4_features_box text-center motov4_features_box_style4\"><div class=\"motov4_icon_box\" style=\"color:#007aff; border-color:#007aff;\"><i class=\"fa fa-check-square\"><\/i><\/div>\r\n\t\t\t\t\t<div class=\"motov4_feature_data\"><h3>Forma\u00e7\u00e3o Aerona\u00fatica<\/h3>\r\n\t\t\t\t\t<p>Realize o seu sonho, tenha o privil\u00e9gio de voar sobre as nuvens, veja a nossa oferta formativa dotada da mais recente tecnologia.<\/p><\/div><\/div>\r\n\t\t\t<\/div><div class=\"col-lg-4 col-md-6\">\r\n\t\t\t\t<div class=\"motov4_69f63e75a2158 motov4_features_box text-center motov4_features_box_style4\"><div class=\"motov4_icon_box\" style=\"color:#007aff; border-color:#007aff;\"><i class=\"fa fa-check-square\"><\/i><\/div>\r\n\t\t\t\t\t<div class=\"motov4_feature_data\"><h3>Turismo Aeron\u00e1utico<\/h3>\r\n\t\t\t\t\t<p>Convide os seus familiares e amigos para uma vista diferente do Minho. Realize o seu sonho ou o sonho de algu\u00e9m que sempre desejou voar.<\/p><\/div><\/div>\r\n\t\t\t<\/div><div class=\"col-lg-4 col-md-6\">\r\n\t\t\t\t<div class=\"motov4_69f63e75a2193 motov4_features_box text-center motov4_features_box_style4\"><div class=\"motov4_icon_box\" style=\"color:#007aff; border-color:#007aff;\"><i class=\"fa fa-check-square\"><\/i><\/div>\r\n\t\t\t\t\t<div class=\"motov4_feature_data\"><h3>Eventos e Marketing<\/h3>\r\n\t\t\t\t\t<p>Promova a sua empresa ou marca! Temos ao seu dispor uma oferta de servi\u00e7os capazes de colocar a sua empresa a voar mais alto.<\/p><\/div><\/div>\r\n\t\t\t<\/div> <\/div><\/div><div class=\"motov4_spacer_69f63e75a21cd\"><\/div>[\/vc_column][\/vc_row]<\/p>\n<\/div>","protected":false},"excerpt":{"rendered":"<p>[vc_row][vc_column width=&#8221;5\/12&#8243;][vc_single_image image=&#8221;449&#8243; img_size=&#8221;full&#8221;][\/vc_column][vc_column width=&#8221;7\/12&#8243;][vc_column_text css=&#8221;.vc_custom_1633866935220{margin-bottom: 15px !important;}&#8221;]Excel\u00eancia e Rigor[\/vc_column_text][vc_column_text css=&#8221;.vc_custom_1633866890414{margin-bottom: 25px !important;}&#8221;]A Forma\u00e7\u00e3o e treino de pilotos, os voos.<\/p>\n","protected":false},"author":1,"featured_media":0,"parent":0,"menu_order":0,"comment_status":"closed","ping_status":"closed","template":"","meta":{"_monsterinsights_skip_tracking":false,"_monsterinsights_sitenote_active":false,"_monsterinsights_sitenote_note":"","_monsterinsights_sitenote_category":0,"footnotes":""},"class_list":["post-341","page","type-page","status-publish","hentry"],"_links":{"self":[{"href":"https:\/\/aeroclubebraga.pt\/index.php\/wp-json\/wp\/v2\/pages\/341","targetHints":{"allow":["GET"]}}],"collection":[{"href":"https:\/\/aeroclubebraga.pt\/index.php\/wp-json\/wp\/v2\/pages"}],"about":[{"href":"https:\/\/aeroclubebraga.pt\/index.php\/wp-json\/wp\/v2\/types\/page"}],"author":[{"embeddable":true,"href":"https:\/\/aeroclubebraga.pt\/index.php\/wp-json\/wp\/v2\/users\/1"}],"replies":[{"embeddable":true,"href":"https:\/\/aeroclubebraga.pt\/index.php\/wp-json\/wp\/v2\/comments?post=341"}],"version-history":[{"count":14,"href":"https:\/\/aeroclubebraga.pt\/index.php\/wp-json\/wp\/v2\/pages\/341\/revisions"}],"predecessor-version":[{"id":451,"href":"https:\/\/aeroclubebraga.pt\/index.php\/wp-json\/wp\/v2\/pages\/341\/revisions\/451"}],"wp:attachment":[{"href":"https:\/\/aeroclubebraga.pt\/index.php\/wp-json\/wp\/v2\/media?parent=341"}],"curies":[{"name":"wp","href":"https:\/\/api.w.org\/{rel}","templated":true}]}}