{"id":502,"date":"2022-03-17T12:20:37","date_gmt":"2022-03-17T11:20:37","guid":{"rendered":"https:\/\/aeroclubebraga.pt\/?page_id=502"},"modified":"2022-03-17T13:27:03","modified_gmt":"2022-03-17T12:27:03","slug":"pedido-de-informacao","status":"publish","type":"page","link":"https:\/\/aeroclubebraga.pt\/index.php\/pedido-de-informacao\/","title":{"rendered":"Pedido de Informa\u00e7\u00e3o"},"content":{"rendered":"\n<div class=\"wp-block-group\"><div class=\"wp-block-group__inner-container is-layout-flow wp-block-group-is-layout-flow\">\n<div class=\"wp-block-columns is-layout-flex wp-container-core-columns-is-layout-9d6595d7 wp-block-columns-is-layout-flex\">\n<div class=\"wp-block-column is-layout-flow wp-block-column-is-layout-flow\" style=\"flex-basis:100%\">\n<div class=\"wp-block-group\"><div class=\"wp-block-group__inner-container is-layout-flow wp-block-group-is-layout-flow\"><\/div><\/div>\n<\/div>\n<\/div>\n<\/div><\/div>\n\n\n\n<div class=\"wp-block-columns is-layout-flex wp-container-core-columns-is-layout-9d6595d7 wp-block-columns-is-layout-flex\">\n<div class=\"wp-block-column is-layout-flow wp-block-column-is-layout-flow\" style=\"flex-basis:33.33%\">\n<h1 class=\"wp-block-heading\">VIP Card<\/h1>\n\n\n\n<h5 class=\"wp-block-heading\">Frequente um Curso de Inicia\u00e7\u00e3o ao Voo.<\/h5>\n\n\n\n<p class=\"has-small-font-size\">Na maior campanha aeron\u00e1utica jamais realizada, o Aero Clube de Braga (ACB) oferece \u2018voos mais altos\u2019 a todos os apaixonados pela avia\u00e7\u00e3o. o curso divide-se em duas partes diferentes, te\u00f3rica e pr\u00e1tica. Durante a manh\u00e3, decorre a componente te\u00f3rica que visa explorar as no\u00e7\u00f5es b\u00e1sicas da aeron\u00e1utica. No per\u00edodo da tarde, os alunos t\u00eam a possibilidade de experimentar a sensa\u00e7\u00e3o real de co-pilotar um avi\u00e3o.<br>Esta experi\u00eancia aeron\u00e1utica \u00e9 co-financiada pelo ACB.<br>Durante a aula de voo o aluno pode tamb\u00e9m filmar, fotografar e levar um convidado como passageiro.<\/p>\n<\/div>\n\n\n\n<div class=\"wp-block-column is-layout-flow wp-block-column-is-layout-flow\" style=\"flex-basis:66.66%\">\n<div class=\"wpcf7 no-js\" id=\"wpcf7-f501-o1\" lang=\"pt-PT\" dir=\"ltr\" data-wpcf7-id=\"501\">\n<div class=\"screen-reader-response\"><p role=\"status\" aria-live=\"polite\" aria-atomic=\"true\"><\/p> <ul><\/ul><\/div>\n<form action=\"\/index.php\/wp-json\/wp\/v2\/pages\/502#wpcf7-f501-o1\" method=\"post\" class=\"wpcf7-form init\" aria-label=\"Formul\u00e1rio de contacto\" novalidate=\"novalidate\" data-status=\"init\">\n<fieldset class=\"hidden-fields-container\"><input type=\"hidden\" name=\"_wpcf7\" value=\"501\" \/><input type=\"hidden\" name=\"_wpcf7_version\" value=\"6.1.5\" \/><input type=\"hidden\" name=\"_wpcf7_locale\" value=\"pt_PT\" \/><input type=\"hidden\" name=\"_wpcf7_unit_tag\" value=\"wpcf7-f501-o1\" \/><input type=\"hidden\" name=\"_wpcf7_container_post\" value=\"0\" \/><input type=\"hidden\" name=\"_wpcf7_posted_data_hash\" value=\"\" \/><input type=\"hidden\" name=\"_wpcf7_recaptcha_response\" value=\"\" \/>\n<\/fieldset>\n<p><label> Nome<br \/>\n<span class=\"wpcf7-form-control-wrap\" data-name=\"nome\"><input size=\"40\" maxlength=\"400\" class=\"wpcf7-form-control wpcf7-text wpcf7-validates-as-required\" aria-required=\"true\" aria-invalid=\"false\" value=\"\" type=\"text\" name=\"nome\" \/><\/span> <\/label>\n<\/p>\n<p><label> Email<br \/>\n<span class=\"wpcf7-form-control-wrap\" data-name=\"email\"><input size=\"40\" maxlength=\"400\" class=\"wpcf7-form-control wpcf7-email wpcf7-validates-as-required wpcf7-text wpcf7-validates-as-email\" aria-required=\"true\" aria-invalid=\"false\" value=\"\" type=\"email\" name=\"email\" \/><\/span> <\/label>\n<\/p>\n<p><label> Telem\u00f3vel<br \/>\n<span class=\"wpcf7-form-control-wrap\" data-name=\"Telemovel\"><input size=\"40\" maxlength=\"400\" class=\"wpcf7-form-control wpcf7-tel wpcf7-validates-as-required wpcf7-text wpcf7-validates-as-tel\" aria-required=\"true\" aria-invalid=\"false\" value=\"\" type=\"tel\" name=\"Telemovel\" \/><\/span> <\/label>\n<\/p>\n<p><label> Eventos de Interesse<br \/>\n<span class=\"wpcf7-form-control-wrap\" data-name=\"EventosdeInteresse\"><span class=\"wpcf7-form-control wpcf7-checkbox wpcf7-validates-as-required\"><span class=\"wpcf7-list-item first\"><input type=\"checkbox\" name=\"EventosdeInteresse[]\" value=\"CIV - Piloto por 1 dia\" \/><span class=\"wpcf7-list-item-label\">CIV - Piloto por 1 dia<\/span><\/span><span class=\"wpcf7-list-item\"><input type=\"checkbox\" name=\"EventosdeInteresse[]\" value=\"Voo Panor\u00e2mico\" \/><span class=\"wpcf7-list-item-label\">Voo Panor\u00e2mico<\/span><\/span><span class=\"wpcf7-list-item last\"><input type=\"checkbox\" name=\"EventosdeInteresse[]\" value=\"Curso de Piloto de Ultra Leve\" \/><span class=\"wpcf7-list-item-label\">Curso de Piloto de Ultra Leve<\/span><\/span><\/span><\/span> <\/label>\n<\/p>\n<p><label> Mensagem (opcional)<br \/>\n<span class=\"wpcf7-form-control-wrap\" data-name=\"mensagem\"><textarea cols=\"40\" rows=\"10\" maxlength=\"2000\" class=\"wpcf7-form-control wpcf7-textarea\" aria-invalid=\"false\" name=\"mensagem\"><\/textarea><\/span> <\/label>\n<\/p>\n<p><span class=\"wpcf7-form-control-wrap\" data-name=\"RGPD\"><span class=\"wpcf7-form-control wpcf7-acceptance\"><span class=\"wpcf7-list-item\"><label><input type=\"checkbox\" name=\"RGPD\" value=\"1\" aria-invalid=\"false\" \/><span class=\"wpcf7-list-item-label\">Aceito o tratamento dos meus dados pessoais de acordo com a pol\u00edtica de privacidade e prote\u00e7\u00e3o de dados.<\/span><\/label><\/span><\/span><\/span>\n<\/p>\n<p><input class=\"wpcf7-form-control wpcf7-submit has-spinner\" type=\"submit\" value=\"Enviar\" \/>\n<\/p><div class=\"wpcf7-response-output\" aria-hidden=\"true\"><\/div>\n<\/form>\n<\/div>\n\n<\/div>\n<\/div>\n","protected":false},"excerpt":{"rendered":"<p>VIP Card Frequente um Curso de Inicia\u00e7\u00e3o ao Voo. Na maior campanha aeron\u00e1utica jamais realizada, o Aero Clube de Braga.<\/p>\n","protected":false},"author":2,"featured_media":0,"parent":0,"menu_order":0,"comment_status":"closed","ping_status":"closed","template":"","meta":{"_monsterinsights_skip_tracking":false,"_monsterinsights_sitenote_active":false,"_monsterinsights_sitenote_note":"","_monsterinsights_sitenote_category":0,"footnotes":""},"class_list":["post-502","page","type-page","status-publish","hentry"],"_links":{"self":[{"href":"https:\/\/aeroclubebraga.pt\/index.php\/wp-json\/wp\/v2\/pages\/502","targetHints":{"allow":["GET"]}}],"collection":[{"href":"https:\/\/aeroclubebraga.pt\/index.php\/wp-json\/wp\/v2\/pages"}],"about":[{"href":"https:\/\/aeroclubebraga.pt\/index.php\/wp-json\/wp\/v2\/types\/page"}],"author":[{"embeddable":true,"href":"https:\/\/aeroclubebraga.pt\/index.php\/wp-json\/wp\/v2\/users\/2"}],"replies":[{"embeddable":true,"href":"https:\/\/aeroclubebraga.pt\/index.php\/wp-json\/wp\/v2\/comments?post=502"}],"version-history":[{"count":5,"href":"https:\/\/aeroclubebraga.pt\/index.php\/wp-json\/wp\/v2\/pages\/502\/revisions"}],"predecessor-version":[{"id":513,"href":"https:\/\/aeroclubebraga.pt\/index.php\/wp-json\/wp\/v2\/pages\/502\/revisions\/513"}],"wp:attachment":[{"href":"https:\/\/aeroclubebraga.pt\/index.php\/wp-json\/wp\/v2\/media?parent=502"}],"curies":[{"name":"wp","href":"https:\/\/api.w.org\/{rel}","templated":true}]}}